{"id":11,"date":"2015-12-12T11:48:52","date_gmt":"2015-12-12T10:48:52","guid":{"rendered":"https:\/\/autoaukcje.net\/wordpress\/contact\/"},"modified":"2018-10-31T17:18:54","modified_gmt":"2018-10-31T16:18:54","slug":"contact","status":"publish","type":"page","link":"https:\/\/autoaukcje.net\/?page_id=11","title":{"rendered":"Kontakt"},"content":{"rendered":"<p>[vc_row el_class=&#8221;kontakt-row&#8221;][vc_column][vc_column_text]<div role=\"form\" class=\"wpcf7\" id=\"wpcf7-f471-o1\" lang=\"pl-PL\" dir=\"ltr\">\n<div class=\"screen-reader-response\"><\/div>\n<form action=\"\/index.php?rest_route=%2Fwp%2Fv2%2Fpages%2F11#wpcf7-f471-o1\" method=\"post\" class=\"wpcf7-form\" enctype=\"multipart\/form-data\" novalidate=\"novalidate\">\n<div style=\"display: none;\">\n<input type=\"hidden\" name=\"_wpcf7\" value=\"471\" \/>\n<input type=\"hidden\" name=\"_wpcf7_version\" value=\"4.9\" \/>\n<input type=\"hidden\" name=\"_wpcf7_locale\" value=\"pl_PL\" \/>\n<input type=\"hidden\" name=\"_wpcf7_unit_tag\" value=\"wpcf7-f471-o1\" \/>\n<input type=\"hidden\" name=\"_wpcf7_container_post\" value=\"0\" \/>\n<\/div>\n<div class=\"row col-md-12 form-zapytanie\">\n<div class=\"col-md-3 form-zapytanie-kontakt\">\n<div class=\"form-zapytanie-kontakt-left\">\n<h3 class=\"kontakt-z-dorad\">Kontakt<br \/><strong>z doradc\u0105<\/strong><\/h3>\n<p class=\"opis-kont-dor\"><strong>Auto Centrum Wroc\u0142aw sp. z o.o. <\/strong><br \/> ul. Kr\u00f3lewiecka 66<br \/> 54-117 Wroc\u0142aw, Fabryczna (Polska)<br \/>NIP: 8971576132<br \/>REG.: 932929119<\/p>\n<p class=\"opis-kont-dor\"><strong>Czynne:<\/strong><br \/>\nPoniedzia\u0142ek - Pi\u0105tek: 10:00 - 18:00<br \/>\nSobota: 10:00 - 15:00<br \/>\nNiedziela: 10:00 - 14:00<br \/\n<\/p>\n<\/div>\n<div class=\"form-zapytanie-kontakt-right\">\n<p class=\"form-zapytanie-blok-tel\">Zadzwo\u0144:<\/p>\n<p class=\"form-zapytanie-blok-numer\"><a href=\"tel:717260202\">71 726 02 02<\/a><\/p>\n<p class=\"form-zapytanie-blok-mail\">Napisz:<\/p>\n<p class=\"form-zapytanie-blok-adres\"><a href=\"mailto:info@autoaukcje.net\">info@autoaukcje.net<\/a><\/p>\n<\/div><\/div>\n<p class=\"zgoda\">Zanim do nas napiszesz \u2013 zapoznaj si\u0119 z informacj\u0105 na temat przetwarzania Twoich danych osobowych \u2013 <a href=\"https:\/\/autoaukcje.net\/wordpress\/?page_id=108\">LINK<\/a><\/p>\n<div class=\"col-md-9 form-zapytanie-blok\">\n<div class=\"col-md-6 form-zapytanie-blok-dane\">\n<div class=\"form-zapytanie-dane\">\n<p class=\"form-zapytanie-opis\">Imi\u0119 i nazwisko*<\/p>\n<p><label><span class=\"fa fa-pencil form-control-feedback\" aria-hidden=\"true\"><\/span><span class=\"wpcf7-form-control-wrap your-name\"><input type=\"text\" name=\"your-name\" value=\"\" size=\"40\" class=\"wpcf7-form-control wpcf7-text wpcf7-validates-as-required\" aria-required=\"true\" aria-invalid=\"false\" placeholder=\"Jan Kowalski\" \/><\/span><\/label><\/div>\n<div class=\"form-zapytanie-dane\">\n<p class=\"form-zapytanie-opis\" >Nazwa firmy<\/p>\n<p><label><span class=\"fa fa-pencil form-control-feedback\" aria-hidden=\"true\"><\/span><span class=\"wpcf7-form-control-wrap firma-name\"><input type=\"text\" name=\"firma-name\" value=\"\" size=\"40\" class=\"wpcf7-form-control wpcf7-text\" aria-invalid=\"false\" placeholder=\"Nazwa firmy\" \/><\/span><\/label><\/div>\n<div class=\"form-zapytanie-dane\">\n<p class=\"form-zapytanie-opis\" >Telefon kontaktowy<\/p>\n<p><label><span class=\"fa fa-phone form-control-feedback\" aria-hidden=\"true\"><\/span><span class=\"wpcf7-form-control-wrap phone\"><input type=\"text\" name=\"phone\" value=\"\" size=\"40\" class=\"wpcf7-form-control wpcf7-text\" aria-invalid=\"false\" placeholder=\"888-888-888\" \/><\/span><\/label><\/div>\n<div class=\"form-zapytanie-dane\">\n<p class=\"form-zapytanie-opis\" >Adres email*<\/p>\n<p><label><span class=\"fa fa-envelope form-control-feedback\" aria-hidden=\"true\"><\/span><span class=\"wpcf7-form-control-wrap your-email\"><input type=\"email\" name=\"your-email\" value=\"\" size=\"40\" class=\"wpcf7-form-control wpcf7-text wpcf7-email wpcf7-validates-as-required wpcf7-validates-as-email\" aria-required=\"true\" aria-invalid=\"false\" placeholder=\"Tw\u00f3j adres e-mail\" \/><\/span><\/label><\/div><\/div>\n<div class=\"col-md-6 form-zapytanie-blok-dane\">\n<div class=\"form-zapytanie-dane\">\n<p class=\"form-zapytanie-opis\">Prze\u015blij plik<\/p>\n<p><label><span class=\"wpcf7-form-control-wrap zalacznik\"><input type=\"file\" name=\"zalacznik\" size=\"40\" class=\"wpcf7-form-control wpcf7-file zalacznik\" aria-invalid=\"false\" \/><\/span><\/label><\/div>\n<div class=\"form-zapytanie-dane\">\n<p class=\"form-zapytanie-opis\">Zapytanie<\/p>\n<p><label><span class=\"fa fa-pencil form-control-feedback\" aria-hidden=\"true\"><\/span><span class=\"wpcf7-form-control-wrap your-message\"><textarea name=\"your-message\" cols=\"40\" rows=\"10\" class=\"wpcf7-form-control wpcf7-textarea\" aria-invalid=\"false\" placeholder=\"Tre\u015b\u0107 wiadomo\u015bci\"><\/textarea><\/span><\/label><\/div><\/div>\n<div class=\"clear\"><\/div>\n<div class=\"col-md-6\">\n<div class=\"wpcf7-form-control-wrap\"><div data-sitekey=\"6Leg8hoUAAAAADFGE7GUfZVnC54Crg4xDeAIJifD\" class=\"wpcf7-form-control g-recaptcha wpcf7-recaptcha\" id=\"repaarpidurk\"><\/div>\n<noscript>\n\t<div style=\"width: 302px; height: 422px;\">\n\t\t<div style=\"width: 302px; height: 422px; position: relative;\">\n\t\t\t<div style=\"width: 302px; height: 422px; position: absolute;\">\n\t\t\t\t<iframe src=\"https:\/\/www.google.com\/recaptcha\/api\/fallback?k=6Leg8hoUAAAAADFGE7GUfZVnC54Crg4xDeAIJifD\" frameborder=\"0\" scrolling=\"no\" style=\"width: 302px; height:422px; border-style: none;\">\n\t\t\t\t<\/iframe>\n\t\t\t<\/div>\n\t\t\t<div style=\"width: 300px; height: 60px; border-style: none; bottom: 12px; left: 25px; margin: 0px; padding: 0px; right: 25px; background: #f9f9f9; border: 1px solid #c1c1c1; border-radius: 3px;\">\n\t\t\t\t<textarea id=\"g-recaptcha-response\" name=\"g-recaptcha-response\" class=\"g-recaptcha-response\" style=\"width: 250px; height: 40px; border: 1px solid #c1c1c1; margin: 10px 25px; padding: 0px; resize: none;\">\n\t\t\t\t<\/textarea>\n\t\t\t<\/div>\n\t\t<\/div>\n\t<\/div>\n<\/noscript>\n<\/div>\n<\/div>\n<p><span id=\"hp69f463f0da169\" class=\"wpcf7-form-control-wrap honeypot-951-wrap\" style=\"display:none !important; visibility:hidden !important;\"><label for=\"honeyarpidruk\"  class=\"hp-message\">Please leave this field empty.<\/label><input id=\"honeyarpidruk\" class=\"wpcf7-form-control wpcf7-text\"  type=\"text\" name=\"honeypot-951\" value=\"\" size=\"40\" tabindex=\"-1\" autocomplete=\"nope\" \/><\/span><\/p>\n<div class=\"col-md-6\"><input type=\"submit\" value=\"Wy\u015blij wiadomo\u015b\u0107\" class=\"wpcf7-form-control wpcf7-submit form-zapytanie-button\" \/><\/div><\/div>\n<div class=\"col-md-3\"><\/div>\n<div class=\"col-md-9\" style=\"padding-left:0px!important;\">\n<p class=\"pola-gw\">Pola oznaczone * s\u0105 obowi\u0105zkowe.<\/p>\n<p class=\"zgoda\" style=\"padding-left:0px!important;\"><span class=\"wpcf7-form-control-wrap zgoda-newsletter\"><span class=\"wpcf7-form-control wpcf7-checkbox\"><span class=\"wpcf7-list-item first last\"><input type=\"checkbox\" name=\"zgoda-newsletter[]\" value=\"Chc\u0119 otrzymywa\u0107 Newsletter z informacj\u0105 o nowych aukcjach samochodowych.\" \/><span class=\"wpcf7-list-item-label\">Chc\u0119 otrzymywa\u0107 Newsletter z informacj\u0105 o nowych aukcjach samochodowych.<\/span><\/span><\/span><\/span><\/p>\n<\/div>\n<\/div>\n<div class=\"wpcf7-response-output wpcf7-display-none\"><\/div><\/form><\/div>[\/vc_column_text][\/vc_column][\/vc_row][vc_row full_width=&#8221;stretch_row_content_no_spaces&#8221; el_class=&#8221;mapa&#8221;][vc_column][vc_gmaps link=&#8221;#E-8_JTNDaWZyYW1lJTIwc3JjJTNEJTIyaHR0cHMlM0ElMkYlMkZ3d3cuZ29vZ2xlLmNvbSUyRm1hcHMlMkZlbWJlZCUzRnBiJTNEJTIxMW0xNCUyMTFtOCUyMTFtMyUyMTFkMTAwMDkuNzk5NTE0NDU1NDE3JTIxMmQxNi45MjE5MTMlMjEzZDUxLjE1NTQ5NSUyMTNtMiUyMTFpMTAyNCUyMTJpNzY4JTIxNGYxMy4xJTIxM20zJTIxMW0yJTIxMXMweDAlMjUzQTB4ZDFmYzUxYzNmOGEyYzQwMiUyMTJzVG9wLUNhci4lMkJLb21pcyUyQnNhbW9jaG9kb3d5JTIxNWUwJTIxM20yJTIxMXNwbCUyMTJzcGwlMjE0djE1MzI2OTI3OTMwMzElMjIlMjB3aWR0aCUzRCUyMjE5MjAlMjIlMjBoZWlnaHQlM0QlMjI0NTAlMjIlMjBmcmFtZWJvcmRlciUzRCUyMjAlMjIlMjBzdHlsZSUzRCUyMmJvcmRlciUzQTAlMjIlMjBhbGxvd2Z1bGxzY3JlZW4lM0UlM0MlMkZpZnJhbWUlM0U=&#8221;][\/vc_column][\/vc_row]<\/p>\n","protected":false},"excerpt":{"rendered":"<p>[vc_row el_class=&#8221;kontakt-row&#8221;][vc_column][vc_column_text][\/vc_column_text][\/vc_column][\/vc_row][vc_row full_width=&#8221;stretch_row_content_no_spaces&#8221; el_class=&#8221;mapa&#8221;][vc_column][vc_gmaps link=&#8221;#E-8_JTNDaWZyYW1lJTIwc3JjJTNEJTIyaHR0cHMlM0ElMkYlMkZ3d3cuZ29vZ2xlLmNvbSUyRm1hcHMlMkZlbWJlZCUzRnBiJTNEJTIxMW0xNCUyMTFtOCUyMTFtMyUyMTFkMTAwMDkuNzk5NTE0NDU1NDE3JTIxMmQxNi45MjE5MTMlMjEzZDUxLjE1NTQ5NSUyMTNtMiUyMTFpMTAyNCUyMTJpNzY4JTIxNGYxMy4xJTIxM20zJTIxMW0yJTIxMXMweDAlMjUzQTB4ZDFmYzUxYzNmOGEyYzQwMiUyMTJzVG9wLUNhci4lMkJLb21pcyUyQnNhbW9jaG9kb3d5JTIxNWUwJTIxM20yJTIxMXNwbCUyMTJzcGwlMjE0djE1MzI2OTI3OTMwMzElMjIlMjB3aWR0aCUzRCUyMjE5MjAlMjIlMjBoZWlnaHQlM0QlMjI0NTAlMjIlMjBmcmFtZWJvcmRlciUzRCUyMjAlMjIlMjBzdHlsZSUzRCUyMmJvcmRlciUzQTAlMjIlMjBhbGxvd2Z1bGxzY3JlZW4lM0UlM0MlMkZpZnJhbWUlM0U=&#8221;][\/vc_column][\/vc_row]<\/p>\n","protected":false},"author":19,"featured_media":0,"parent":0,"menu_order":0,"comment_status":"closed","ping_status":"closed","template":"tpl-advertising.php","meta":{"footnotes":""},"_links":{"self":[{"href":"https:\/\/autoaukcje.net\/index.php?rest_route=\/wp\/v2\/pages\/11"}],"collection":[{"href":"https:\/\/autoaukcje.net\/index.php?rest_route=\/wp\/v2\/pages"}],"about":[{"href":"https:\/\/autoaukcje.net\/index.php?rest_route=\/wp\/v2\/types\/page"}],"author":[{"embeddable":true,"href":"https:\/\/autoaukcje.net\/index.php?rest_route=\/wp\/v2\/users\/19"}],"replies":[{"embeddable":true,"href":"https:\/\/autoaukcje.net\/index.php?rest_route=%2Fwp%2Fv2%2Fcomments&post=11"}],"version-history":[{"count":26,"href":"https:\/\/autoaukcje.net\/index.php?rest_route=\/wp\/v2\/pages\/11\/revisions"}],"predecessor-version":[{"id":968,"href":"https:\/\/autoaukcje.net\/index.php?rest_route=\/wp\/v2\/pages\/11\/revisions\/968"}],"wp:attachment":[{"href":"https:\/\/autoaukcje.net\/index.php?rest_route=%2Fwp%2Fv2%2Fmedia&parent=11"}],"curies":[{"name":"wp","href":"https:\/\/api.w.org\/{rel}","templated":true}]}}