{"id":60,"date":"2016-03-29T10:20:15","date_gmt":"2016-03-29T08:20:15","guid":{"rendered":"http:\/\/www.pakietyreklamowe.pl\/autoaukcje\/?page_id=60"},"modified":"2018-07-24T17:00:52","modified_gmt":"2018-07-24T15:00:52","slug":"o-nas","status":"publish","type":"page","link":"https:\/\/autoaukcje.net\/?page_id=60","title":{"rendered":"O nas"},"content":{"rendered":"<p>[vc_row content_placement=&#8221;middle&#8221;][vc_column width=&#8221;1\/4&#8243;][vc_single_image image=&#8221;118&#8243; img_size=&#8221;full&#8221; alignment=&#8221;center&#8221;][\/vc_column][vc_column width=&#8221;3\/4&#8243;][vc_column_text]AutoAukcje.net to nowa jako\u015b\u0107 na polskim rynku. K\u0142adziemy kres niepewnym samochodom i maszynom z komis\u00f3w oraz og\u0142osze\u0144, poniewa\u017c w naszym parku stan ka\u017cdego pojazdu jest znany. Dzi\u0119ki temu na \u00a0aukcjach mo\u017cemy zaoferowa\u0107 wy\u0142\u0105cznie sprawdzony asortyment, a grono sta\u0142ych klient\u00f3w nieustannie si\u0119 powi\u0119ksza.[\/vc_column_text][\/vc_column][\/vc_row][vc_row][vc_column][vc_column_text]Naszym priorytetem s\u0105 rzetelne transakcje, dlatego gwarantujemy:<\/p>\n<ul>\n<li>precyzyjne opisy licytowanych pojazd\u00f3w i maszyn<\/li>\n<li>przejrzysty proces sprzeda\u017cowy<\/li>\n<li>atrakcyjne ceny<\/li>\n<li>wsparcie do\u015bwiadczonego zespo\u0142u<\/li>\n<\/ul>\n<p>Wystarczy zarejestrowa\u0107 si\u0119, by w pe\u0142ni wykorzysta\u0107 szerokie mo\u017cliwo\u015bci portalu. Naszymi klientami s\u0105 firmy licytuj\u0105ce w celu dalszej odsprzeda\u017cy, oraz osoby prywatne poszukuj\u0105ce aut w wyj\u0105tkowo atrakcyjnych cenach. Jednak portfolio AutoAukcje.net to nie tylko samochody osobowe. Nasze licytacje obejmuj\u0105 r\u00f3wnie\u017c wiele rodzaj\u00f3w maszyn \u2013 od aut dostawczych, poprzez sprz\u0119t rolniczy, a na przyczepach ko\u0144cz\u0105c. Do\u015bwiadczony personel ch\u0119tnie doradzi i zaprezentuje ofert\u0119 firmy. Z kolei szeroki wachlarz finansowania sprawia, \u017ce wszystkie pojazdy s\u0105 w zasi\u0119gu r\u0119ki. Maksymalnie upraszczamy procedury, a do kredytu bardzo cz\u0119sto wystarczy tylko podpis. Ponadto posiadamy preferencyjne warunki finansowania dla naszych klient\u00f3w, kt\u00f3re wynegocjowali\u015bmy u partner\u00f3w.<\/p>\n<p>AutoAukcje.net to profesjonalny park maszyn o zweryfikowanym stanie technicznym. Wsp\u00f3\u0142pracujemy m.in. z:<\/p>\n<ul>\n<li>bankami<\/li>\n<li>firmami leasingowymi<\/li>\n<li>flotami samochodowymi<\/li>\n<li>towarzystwami ubezpieczeniowymi<\/li>\n<li>importerami<\/li>\n<li>dealerami<\/li>\n<\/ul>\n<p>Zale\u017cy nam, \u017ceby licytuj\u0105cy wiedzieli, co kupuj\u0105, a proces sprzeda\u017cy by\u0142 \u0142atwy, szybki i klarowny. Dzi\u0119ki temu mo\u017cemy pochwali\u0107 si\u0119 wyj\u0105tkow\u0105 ofert\u0105, kt\u00f3ra spe\u0142nia nawet najbardziej wy\u015brubowane oczekiwania![\/vc_column_text][\/vc_column][\/vc_row]<\/p>\n","protected":false},"excerpt":{"rendered":"<p>[vc_row content_placement=&#8221;middle&#8221;][vc_column width=&#8221;1\/4&#8243;][vc_single_image image=&#8221;118&#8243; img_size=&#8221;full&#8221; alignment=&#8221;center&#8221;][\/vc_column][vc_column width=&#8221;3\/4&#8243;][vc_column_text]AutoAukcje.net to nowa jako\u015b\u0107 na polskim rynku. K\u0142adziemy kres niepewnym samochodom i maszynom z komis\u00f3w oraz og\u0142osze\u0144, poniewa\u017c w naszym parku stan ka\u017cdego pojazdu jest znany. Dzi\u0119ki temu na \u00a0aukcjach mo\u017cemy zaoferowa\u0107 wy\u0142\u0105cznie sprawdzony asortyment, a grono sta\u0142ych klient\u00f3w nieustannie si\u0119 powi\u0119ksza.[\/vc_column_text][\/vc_column][\/vc_row][vc_row][vc_column][vc_column_text]Naszym priorytetem s\u0105 rzetelne transakcje, dlatego gwarantujemy: precyzyjne [&hellip;]<\/p>\n","protected":false},"author":19,"featured_media":0,"parent":0,"menu_order":0,"comment_status":"closed","ping_status":"closed","template":"","meta":{"footnotes":""},"_links":{"self":[{"href":"https:\/\/autoaukcje.net\/index.php?rest_route=\/wp\/v2\/pages\/60"}],"collection":[{"href":"https:\/\/autoaukcje.net\/index.php?rest_route=\/wp\/v2\/pages"}],"about":[{"href":"https:\/\/autoaukcje.net\/index.php?rest_route=\/wp\/v2\/types\/page"}],"author":[{"embeddable":true,"href":"https:\/\/autoaukcje.net\/index.php?rest_route=\/wp\/v2\/users\/19"}],"replies":[{"embeddable":true,"href":"https:\/\/autoaukcje.net\/index.php?rest_route=%2Fwp%2Fv2%2Fcomments&post=60"}],"version-history":[{"count":9,"href":"https:\/\/autoaukcje.net\/index.php?rest_route=\/wp\/v2\/pages\/60\/revisions"}],"predecessor-version":[{"id":754,"href":"https:\/\/autoaukcje.net\/index.php?rest_route=\/wp\/v2\/pages\/60\/revisions\/754"}],"wp:attachment":[{"href":"https:\/\/autoaukcje.net\/index.php?rest_route=%2Fwp%2Fv2%2Fmedia&parent=60"}],"curies":[{"name":"wp","href":"https:\/\/api.w.org\/{rel}","templated":true}]}}